{"id":8,"date":"2025-03-25T15:57:42","date_gmt":"2025-03-25T15:57:42","guid":{"rendered":"http:\/\/localhost\/pl-nova\/?page_id=8"},"modified":"2025-09-19T22:26:12","modified_gmt":"2025-09-19T22:26:12","slug":"inicio","status":"publish","type":"page","link":"https:\/\/plnova.com\/en\/","title":{"rendered":"HOME"},"content":{"rendered":"<div data-elementor-type=\"wp-page\" data-elementor-id=\"8\" class=\"elementor elementor-8\">\n\t\t\t\t<div class=\"elementor-element elementor-element-2272939 e-con-full e-flex e-con e-parent\" data-id=\"2272939\" data-element_type=\"container\">\n\t\t\t\t<div class=\"elementor-element elementor-element-2363b5d elementor-invisible elementor-widget elementor-widget-heading\" data-id=\"2363b5d\" data-element_type=\"widget\" data-settings=\"{&quot;_animation&quot;:&quot;fadeInUp&quot;}\" data-widget_type=\"heading.default\">\n\t\t\t\t<div class=\"elementor-widget-container\">\n\t\t\t\t\t<h1 class=\"elementor-heading-title elementor-size-default\">Innovation and Precision in Plastic Parts for the Automotive Industry<\/h1>\t\t\t\t<\/div>\n\t\t\t\t<\/div>\n\t\t\t\t<\/div>\n\t\t<div class=\"elementor-element elementor-element-9fc5bd2 e-con-full e-flex e-con e-parent\" data-id=\"9fc5bd2\" data-element_type=\"container\">\n\t\t<div class=\"elementor-element elementor-element-336d6d3 e-con-full e-flex e-con e-child\" data-id=\"336d6d3\" data-element_type=\"container\">\n\t\t\t\t<div class=\"elementor-element elementor-element-26781e0 elementor-invisible elementor-widget elementor-widget-image\" data-id=\"26781e0\" data-element_type=\"widget\" data-settings=\"{&quot;_animation&quot;:&quot;bounceInLeft&quot;}\" data-widget_type=\"image.default\">\n\t\t\t\t<div class=\"elementor-widget-container\">\n\t\t\t\t\t\t\t\t\t\t\t\t\t\t\t<img fetchpriority=\"high\" decoding=\"async\" width=\"800\" height=\"533\" src=\"https:\/\/plnova.com\/wp-content\/uploads\/2025\/03\/x5-colimador-1536x1024-1.jpg\" class=\"attachment-large size-large wp-image-113\" alt=\"\" \/>\t\t\t\t\t\t\t\t\t\t\t\t\t\t\t<\/div>\n\t\t\t\t<\/div>\n\t\t\t\t<\/div>\n\t\t<div class=\"elementor-element elementor-element-09a1321 e-con-full e-flex e-con e-child\" data-id=\"09a1321\" data-element_type=\"container\">\n\t\t\t\t<div class=\"elementor-element elementor-element-5064d24 elementor-invisible elementor-widget elementor-widget-text-editor\" data-id=\"5064d24\" data-element_type=\"widget\" data-settings=\"{&quot;_animation&quot;:&quot;bounceInRight&quot;}\" data-widget_type=\"text-editor.default\">\n\t\t\t\t<div class=\"elementor-widget-container\">\n\t\t\t\t\t\t\t\t\t<p class=\"\" data-start=\"50\" data-end=\"346\">PL NOVA is a company specialized in the production of injected plastic parts and the assembly of components for the automotive industry. We focus on the manufacture of high performance solutions, designed to meet the demanding quality and safety standards of the sector.<\/p>\t\t\t\t\t\t\t\t<\/div>\n\t\t\t\t<\/div>\n\t\t\t\t<div class=\"elementor-element elementor-element-366f214 elementor-invisible elementor-widget elementor-widget-text-editor\" data-id=\"366f214\" data-element_type=\"widget\" data-settings=\"{&quot;_animation&quot;:&quot;bounceInRight&quot;,&quot;_animation_delay&quot;:200}\" data-widget_type=\"text-editor.default\">\n\t\t\t\t<div class=\"elementor-widget-container\">\n\t\t\t\t\t\t\t\t\t<p>Our commitment to excellence leads us to work with cutting-edge technology, high-quality materials and optimized processes that guarantee the precision and durability of each part. From design to mass production, we integrate innovation and efficiency to offer functional products that contribute to the performance and aesthetics of modern vehicles.<\/p>\t\t\t\t\t\t\t\t<\/div>\n\t\t\t\t<\/div>\n\t\t\t\t<\/div>\n\t\t\t\t<\/div>\n\t\t<div class=\"elementor-element elementor-element-7215c88 e-con-full e-flex e-con e-parent\" data-id=\"7215c88\" data-element_type=\"container\">\n\t\t\t\t<div class=\"elementor-element elementor-element-83df3e8 elementor-invisible elementor-widget elementor-widget-heading\" data-id=\"83df3e8\" data-element_type=\"widget\" data-settings=\"{&quot;_animation&quot;:&quot;bounceInRight&quot;}\" data-widget_type=\"heading.default\">\n\t\t\t\t<div class=\"elementor-widget-container\">\n\t\t\t\t\t<h2 class=\"elementor-heading-title elementor-size-default\">Innovation and Quality in Every Product<\/h2>\t\t\t\t<\/div>\n\t\t\t\t<\/div>\n\t\t\t\t<\/div>\n\t\t<div class=\"elementor-element elementor-element-065e065 e-flex e-con-boxed e-con e-parent\" data-id=\"065e065\" data-element_type=\"container\">\n\t\t\t\t\t<div class=\"e-con-inner\">\n\t\t<div class=\"elementor-element elementor-element-5b62e73 e-con-full e-flex elementor-invisible e-con e-child\" data-id=\"5b62e73\" data-element_type=\"container\" data-settings=\"{&quot;animation&quot;:&quot;bounceInLeft&quot;}\">\n\t\t\t\t<div class=\"elementor-element elementor-element-13fcb63 elementor-widget elementor-widget-heading\" data-id=\"13fcb63\" data-element_type=\"widget\" data-settings=\"{&quot;_animation&quot;:&quot;none&quot;}\" data-widget_type=\"heading.default\">\n\t\t\t\t<div class=\"elementor-widget-container\">\n\t\t\t\t\t<h3 class=\"elementor-heading-title elementor-size-default\">Our Products<\/h3>\t\t\t\t<\/div>\n\t\t\t\t<\/div>\n\t\t\t\t<div class=\"elementor-element elementor-element-8867cad elementor-widget elementor-widget-text-editor\" data-id=\"8867cad\" data-element_type=\"widget\" data-settings=\"{&quot;_animation&quot;:&quot;none&quot;}\" data-widget_type=\"text-editor.default\">\n\t\t\t\t<div class=\"elementor-widget-container\">\n\t\t\t\t\t\t\t\t\t<p>At PL NOVA, each part is the result of a continuous research process and rigorous quality controls. We are committed to offer products that meet the highest standards of the automotive industry, guaranteeing efficiency, durability and precision in each component.<\/p>\t\t\t\t\t\t\t\t<\/div>\n\t\t\t\t<\/div>\n\t\t\t\t<div class=\"elementor-element elementor-element-cfd4341 elementor-align-center elementor-widget elementor-widget-button\" data-id=\"cfd4341\" data-element_type=\"widget\" data-settings=\"{&quot;_animation&quot;:&quot;none&quot;}\" data-widget_type=\"button.default\">\n\t\t\t\t<div class=\"elementor-widget-container\">\n\t\t\t\t\t\t\t\t\t<div class=\"elementor-button-wrapper\">\n\t\t\t\t\t<a class=\"elementor-button elementor-button-link elementor-size-sm\" href=\"https:\/\/plnova.com\/en\/productos\/\">\n\t\t\t\t\t\t<span class=\"elementor-button-content-wrapper\">\n\t\t\t\t\t\t\t\t\t<span class=\"elementor-button-text\">VIEW PRODUCTS<\/span>\n\t\t\t\t\t<\/span>\n\t\t\t\t\t<\/a>\n\t\t\t\t<\/div>\n\t\t\t\t\t\t\t\t<\/div>\n\t\t\t\t<\/div>\n\t\t\t\t<\/div>\n\t\t<div class=\"elementor-element elementor-element-1be13d6 e-con-full e-flex elementor-invisible e-con e-child\" data-id=\"1be13d6\" data-element_type=\"container\" data-settings=\"{&quot;animation&quot;:&quot;bounceInLeft&quot;}\">\n\t\t\t\t<div class=\"elementor-element elementor-element-2491665 elementor-widget elementor-widget-heading\" data-id=\"2491665\" data-element_type=\"widget\" data-settings=\"{&quot;_animation&quot;:&quot;none&quot;}\" data-widget_type=\"heading.default\">\n\t\t\t\t<div class=\"elementor-widget-container\">\n\t\t\t\t\t<h3 class=\"elementor-heading-title elementor-size-default\">Our Technology<\/h3>\t\t\t\t<\/div>\n\t\t\t\t<\/div>\n\t\t\t\t<div class=\"elementor-element elementor-element-aacf965 elementor-widget elementor-widget-text-editor\" data-id=\"aacf965\" data-element_type=\"widget\" data-settings=\"{&quot;_animation&quot;:&quot;none&quot;}\" data-widget_type=\"text-editor.default\">\n\t\t\t\t<div class=\"elementor-widget-container\">\n\t\t\t\t\t\t\t\t\t<p>Innovation is the engine of our development. At PL NOVA, we constantly invest in cutting-edge technology to optimize our manufacturing and assembly processes. As a result, we offer high-quality, high-performance solutions designed to stand out in the global marketplace.<\/p>\t\t\t\t\t\t\t\t<\/div>\n\t\t\t\t<\/div>\n\t\t\t\t<div class=\"elementor-element elementor-element-13dd148 elementor-align-center elementor-widget elementor-widget-button\" data-id=\"13dd148\" data-element_type=\"widget\" data-settings=\"{&quot;_animation&quot;:&quot;none&quot;}\" data-widget_type=\"button.default\">\n\t\t\t\t<div class=\"elementor-widget-container\">\n\t\t\t\t\t\t\t\t\t<div class=\"elementor-button-wrapper\">\n\t\t\t\t\t<a class=\"elementor-button elementor-button-link elementor-size-sm\" href=\"https:\/\/plnova.com\/en\/tecnologia\/\">\n\t\t\t\t\t\t<span class=\"elementor-button-content-wrapper\">\n\t\t\t\t\t\t\t\t\t<span class=\"elementor-button-text\">LEARN MORE<\/span>\n\t\t\t\t\t<\/span>\n\t\t\t\t\t<\/a>\n\t\t\t\t<\/div>\n\t\t\t\t\t\t\t\t<\/div>\n\t\t\t\t<\/div>\n\t\t\t\t<\/div>\n\t\t\t\t\t<\/div>\n\t\t\t\t<\/div>\n\t\t<div class=\"elementor-element elementor-element-9b0ad70 e-con-full e-flex e-con e-parent\" data-id=\"9b0ad70\" data-element_type=\"container\">\n\t\t\t\t<div class=\"elementor-element elementor-element-74f7b34 elementor-widget-divider--view-line elementor-widget elementor-widget-divider\" data-id=\"74f7b34\" data-element_type=\"widget\" data-widget_type=\"divider.default\">\n\t\t\t\t<div class=\"elementor-widget-container\">\n\t\t\t\t\t\t\t<div class=\"elementor-divider\">\n\t\t\t<span class=\"elementor-divider-separator\">\n\t\t\t\t\t\t<\/span>\n\t\t<\/div>\n\t\t\t\t\t\t<\/div>\n\t\t\t\t<\/div>\n\t\t\t\t<\/div>\n\t\t<div class=\"elementor-element elementor-element-67c949b e-flex e-con-boxed e-con e-parent\" data-id=\"67c949b\" data-element_type=\"container\">\n\t\t\t\t\t<div class=\"e-con-inner\">\n\t\t<div class=\"elementor-element elementor-element-f1f1c69 e-con-full e-flex e-con e-child\" data-id=\"f1f1c69\" data-element_type=\"container\">\n\t\t\t\t<div class=\"elementor-element elementor-element-5baf6ab elementor-widget__width-initial elementor-invisible elementor-widget elementor-widget-heading\" data-id=\"5baf6ab\" data-element_type=\"widget\" data-settings=\"{&quot;_animation&quot;:&quot;bounceInLeft&quot;}\" data-widget_type=\"heading.default\">\n\t\t\t\t<div class=\"elementor-widget-container\">\n\t\t\t\t\t<h2 class=\"elementor-heading-title elementor-size-default\">Our Clients<\/h2>\t\t\t\t<\/div>\n\t\t\t\t<\/div>\n\t\t\t\t<\/div>\n\t\t<div class=\"elementor-element elementor-element-a94eb3e e-con-full e-flex e-con e-child\" data-id=\"a94eb3e\" data-element_type=\"container\">\n\t\t\t\t<div class=\"elementor-element elementor-element-a5b1d55 elementor-invisible elementor-widget elementor-widget-image-gallery\" data-id=\"a5b1d55\" data-element_type=\"widget\" data-settings=\"{&quot;_animation&quot;:&quot;bounceInRight&quot;}\" data-widget_type=\"image-gallery.default\">\n\t\t\t\t<div class=\"elementor-widget-container\">\n\t\t\t\t\t\t\t<div class=\"elementor-image-gallery\">\n\t\t\t<div id='gallery-1' class='gallery galleryid-8 gallery-columns-1 gallery-size-thumbnail'><figure class='gallery-item'>\n\t\t\t<div class='gallery-icon landscape'>\n\t\t\t\t<img decoding=\"async\" width=\"150\" height=\"61\" src=\"https:\/\/plnova.com\/wp-content\/uploads\/2025\/03\/Novatec-Group_Logo.png\" class=\"attachment-thumbnail size-thumbnail\" alt=\"Novatec-Group_Logo\" aria-describedby=\"gallery-1-106\" \/>\n\t\t\t<\/div>\n\t\t\t\t<figcaption class='wp-caption-text gallery-caption' id='gallery-1-106'>\n\t\t\t\tNovatec Group\n\t\t\t\t<\/figcaption><\/figure>\n\t\t<\/div>\n\t\t<\/div>\n\t\t\t\t\t\t<\/div>\n\t\t\t\t<\/div>\n\t\t\t\t<\/div>\n\t\t\t\t\t<\/div>\n\t\t\t\t<\/div>\n\t\t<div class=\"elementor-element elementor-element-09f9fca e-con-full e-flex e-con e-parent\" data-id=\"09f9fca\" data-element_type=\"container\" data-settings=\"{&quot;background_background&quot;:&quot;classic&quot;}\">\n\t\t<div class=\"elementor-element elementor-element-5d72c72 e-con-full e-flex elementor-invisible e-con e-child\" data-id=\"5d72c72\" data-element_type=\"container\" data-settings=\"{&quot;background_background&quot;:&quot;classic&quot;,&quot;animation&quot;:&quot;bounceInLeft&quot;}\">\n\t\t<div class=\"elementor-element elementor-element-0697f48 e-con-full e-flex e-con e-child\" data-id=\"0697f48\" data-element_type=\"container\">\n\t\t\t\t<div class=\"elementor-element elementor-element-9d10f31 elementor-widget elementor-widget-heading\" data-id=\"9d10f31\" data-element_type=\"widget\" data-widget_type=\"heading.default\">\n\t\t\t\t<div class=\"elementor-widget-container\">\n\t\t\t\t\t<h1 class=\"elementor-heading-title elementor-size-default\">CONTACT<\/h1>\t\t\t\t<\/div>\n\t\t\t\t<\/div>\n\t\t\t\t<\/div>\n\t\t\t\t<\/div>\n\t\t<div class=\"elementor-element elementor-element-abd2d37 e-flex e-con-boxed elementor-invisible e-con e-child\" data-id=\"abd2d37\" data-element_type=\"container\" data-settings=\"{&quot;background_background&quot;:&quot;classic&quot;,&quot;animation&quot;:&quot;bounceInRight&quot;}\">\n\t\t\t\t\t<div class=\"e-con-inner\">\n\t\t<div class=\"elementor-element elementor-element-1637876 e-con-full e-flex e-con e-child\" data-id=\"1637876\" data-element_type=\"container\">\n\t\t\t\t<div class=\"elementor-element elementor-element-094e100 elementor-widget elementor-widget-html\" data-id=\"094e100\" data-element_type=\"widget\" data-widget_type=\"html.default\">\n\t\t\t\t<div class=\"elementor-widget-container\">\n\t\t\t\t\t<style>\n        .contact-card {\n            background-color: #4e5658; \n            color: white; \n            padding: 20px;\n            width: 300px;\n            font-family: Arial, sans-serif;\n            border-radius: 8px;\n        }\n        .contact-card h2 {\n            margin: 0 0 10px 0;\n            font-weight: bold;\n        }\n        .contact-card p {\n            margin: 5px 0;\n            font-size: 20px;\n        }\n        .contact-card a {\n            color: white;\n            text-decoration: none;\n        }\n    <\/style>\n    \n    <div class=\"contact-card\">\n    <h2>Commercial<\/h2>\n    <p><a href=\"mailto:commercial@plnova.com\">commercial@plnova.com<\/a><\/p>\n<\/div>\t\t\t\t<\/div>\n\t\t\t\t<\/div>\n\t\t\t\t<\/div>\n\t\t\t\t\t<\/div>\n\t\t\t\t<\/div>\n\t\t\t\t<\/div>\n\t\t\t\t<\/div>","protected":false},"excerpt":{"rendered":"<p>Innovaci\u00f3n y Precisi\u00f3n en Piezas Pl\u00e1sticas para la Industria Automotriz PL NOVA es una empresa especializada en la producci\u00f3n de piezas pl\u00e1sticas inyectadas y el montaje de componentes para la industria automotriz. Nos enfocamos en la fabricaci\u00f3n de soluciones de alto desempe\u00f1o, dise\u00f1adas para cumplir con los exigentes est\u00e1ndares de calidad y seguridad del sector. [&hellip;]<\/p>","protected":false},"author":1,"featured_media":0,"parent":0,"menu_order":0,"comment_status":"closed","ping_status":"closed","template":"","meta":{"footnotes":""},"class_list":["post-8","page","type-page","status-publish","hentry"],"_links":{"self":[{"href":"https:\/\/plnova.com\/en\/wp-json\/wp\/v2\/pages\/8","targetHints":{"allow":["GET"]}}],"collection":[{"href":"https:\/\/plnova.com\/en\/wp-json\/wp\/v2\/pages"}],"about":[{"href":"https:\/\/plnova.com\/en\/wp-json\/wp\/v2\/types\/page"}],"author":[{"embeddable":true,"href":"https:\/\/plnova.com\/en\/wp-json\/wp\/v2\/users\/1"}],"replies":[{"embeddable":true,"href":"https:\/\/plnova.com\/en\/wp-json\/wp\/v2\/comments?post=8"}],"version-history":[{"count":272,"href":"https:\/\/plnova.com\/en\/wp-json\/wp\/v2\/pages\/8\/revisions"}],"predecessor-version":[{"id":801,"href":"https:\/\/plnova.com\/en\/wp-json\/wp\/v2\/pages\/8\/revisions\/801"}],"wp:attachment":[{"href":"https:\/\/plnova.com\/en\/wp-json\/wp\/v2\/media?parent=8"}],"curies":[{"name":"wp","href":"https:\/\/api.w.org\/{rel}","templated":true}]}}