{"id":15,"date":"2025-03-25T15:59:43","date_gmt":"2025-03-25T15:59:43","guid":{"rendered":"http:\/\/localhost\/pl-nova\/?page_id=15"},"modified":"2025-09-19T22:29:18","modified_gmt":"2025-09-19T22:29:18","slug":"tecnologia","status":"publish","type":"page","link":"https:\/\/plnova.com\/en\/tecnologia\/","title":{"rendered":"TECHNOLOGY"},"content":{"rendered":"<div data-elementor-type=\"wp-page\" data-elementor-id=\"15\" class=\"elementor elementor-15\">\n\t\t\t\t<div class=\"elementor-element elementor-element-11f5130 e-con-full e-flex e-con e-parent\" data-id=\"11f5130\" data-element_type=\"container\">\n\t\t<div class=\"elementor-element elementor-element-c3b2e25 e-con-full e-flex e-con e-child\" data-id=\"c3b2e25\" data-element_type=\"container\" data-settings=\"{&quot;animation_mobile&quot;:&quot;bounceInLeft&quot;}\">\n\t\t\t\t<div class=\"elementor-element elementor-element-09b8b9a elementor-invisible elementor-widget elementor-widget-image\" data-id=\"09b8b9a\" data-element_type=\"widget\" data-settings=\"{&quot;_animation&quot;:&quot;bounceInUp&quot;}\" data-widget_type=\"image.default\">\n\t\t\t\t<div class=\"elementor-widget-container\">\n\t\t\t\t\t\t\t\t\t\t\t\t\t\t\t<img fetchpriority=\"high\" decoding=\"async\" width=\"800\" height=\"534\" src=\"https:\/\/plnova.com\/wp-content\/uploads\/2025\/03\/producto-innovacion-precision.jpg\" class=\"attachment-large size-large wp-image-303\" alt=\"\" \/>\t\t\t\t\t\t\t\t\t\t\t\t\t\t\t<\/div>\n\t\t\t\t<\/div>\n\t\t\t\t<\/div>\n\t\t<div class=\"elementor-element elementor-element-36e9686 e-con-full e-flex e-con e-child\" data-id=\"36e9686\" data-element_type=\"container\">\n\t\t\t\t<div class=\"elementor-element elementor-element-0643db3 elementor-invisible elementor-widget elementor-widget-heading\" data-id=\"0643db3\" data-element_type=\"widget\" data-settings=\"{&quot;_animation&quot;:&quot;fadeInUp&quot;}\" data-widget_type=\"heading.default\">\n\t\t\t\t<div class=\"elementor-widget-container\">\n\t\t\t\t\t<h1 class=\"elementor-heading-title elementor-size-default\">Our Technology: Precision and Innovation in Every Process<\/h1>\t\t\t\t<\/div>\n\t\t\t\t<\/div>\n\t\t\t\t<div class=\"elementor-element elementor-element-4a272c7 elementor-invisible elementor-widget elementor-widget-text-editor\" data-id=\"4a272c7\" data-element_type=\"widget\" data-settings=\"{&quot;_animation&quot;:&quot;fadeInUp&quot;}\" data-widget_type=\"text-editor.default\">\n\t\t\t\t<div class=\"elementor-widget-container\">\n\t\t\t\t\t\t\t\t\t<p class=\"translation-block\">At <strong data-start=\"57\" data-end=\"68\">PL NOVA<\/strong>, we develop advanced plastic solutions for the automotive industry, combining cutting-edge technology with high-precision manufacturing processes. Each part reflects our commitment to innovation and excellence, ensuring reliable and high-performance solutions.<\/p>\t\t\t\t\t\t\t\t<\/div>\n\t\t\t\t<\/div>\n\t\t<div class=\"elementor-element elementor-element-b97d5c6 e-grid e-con-full e-con e-child\" data-id=\"b97d5c6\" data-element_type=\"container\">\n\t\t<div class=\"elementor-element elementor-element-0681c14 e-con-full e-flex elementor-invisible e-con e-child\" data-id=\"0681c14\" data-element_type=\"container\" data-settings=\"{&quot;animation&quot;:&quot;bounceInLeft&quot;,&quot;animation_mobile&quot;:&quot;bounceInLeft&quot;}\">\n\t\t\t\t<div class=\"elementor-element elementor-element-5b205a4 elementor-widget elementor-widget-heading\" data-id=\"5b205a4\" data-element_type=\"widget\" data-widget_type=\"heading.default\">\n\t\t\t\t<div class=\"elementor-widget-container\">\n\t\t\t\t\t<h2 class=\"elementor-heading-title elementor-size-default\">1. 1K injection<\/h2>\t\t\t\t<\/div>\n\t\t\t\t<\/div>\n\t\t\t\t<div class=\"elementor-element elementor-element-8f6bda3 elementor-widget elementor-widget-text-editor\" data-id=\"8f6bda3\" data-element_type=\"widget\" data-widget_type=\"text-editor.default\">\n\t\t\t\t<div class=\"elementor-widget-container\">\n\t\t\t\t\t\t\t\t\t<p class=\"translation-block\"><strong data-start=\"276\" data-end=\"292\">1K Injection<\/strong> for the production of high-precision plastic parts.<\/p>\t\t\t\t\t\t\t\t<\/div>\n\t\t\t\t<\/div>\n\t\t\t\t<\/div>\n\t\t<div class=\"elementor-element elementor-element-637f5ad e-con-full e-flex elementor-invisible e-con e-child\" data-id=\"637f5ad\" data-element_type=\"container\" data-settings=\"{&quot;animation&quot;:&quot;bounceInLeft&quot;,&quot;animation_mobile&quot;:&quot;bounceInLeft&quot;,&quot;animation_delay&quot;:0}\">\n\t\t\t\t<div class=\"elementor-element elementor-element-5c9f037 elementor-widget elementor-widget-heading\" data-id=\"5c9f037\" data-element_type=\"widget\" data-widget_type=\"heading.default\">\n\t\t\t\t<div class=\"elementor-widget-container\">\n\t\t\t\t\t<h2 class=\"elementor-heading-title elementor-size-default\">2.\tAssembly<\/h2>\t\t\t\t<\/div>\n\t\t\t\t<\/div>\n\t\t\t\t<div class=\"elementor-element elementor-element-525da62 elementor-widget elementor-widget-text-editor\" data-id=\"525da62\" data-element_type=\"widget\" data-widget_type=\"text-editor.default\">\n\t\t\t\t<div class=\"elementor-widget-container\">\n\t\t\t\t\t\t\t\t\t<p class=\"translation-block\"><strong data-start=\"\u201c351\u201d\" data-end=\"\u201c363\u201d\">Assembly<\/strong> of components for complete solutions.<\/p>\t\t\t\t\t\t\t\t<\/div>\n\t\t\t\t<\/div>\n\t\t\t\t<\/div>\n\t\t<div class=\"elementor-element elementor-element-91f5906 e-con-full e-flex elementor-invisible e-con e-child\" data-id=\"91f5906\" data-element_type=\"container\" data-settings=\"{&quot;animation&quot;:&quot;bounceInRight&quot;,&quot;animation_mobile&quot;:&quot;bounceInLeft&quot;,&quot;animation_delay&quot;:0}\">\n\t\t\t\t<div class=\"elementor-element elementor-element-b3f7aff elementor-widget elementor-widget-heading\" data-id=\"b3f7aff\" data-element_type=\"widget\" data-widget_type=\"heading.default\">\n\t\t\t\t<div class=\"elementor-widget-container\">\n\t\t\t\t\t<h2 class=\"elementor-heading-title elementor-size-default\">3.\t6 axis robot <\/h2>\t\t\t\t<\/div>\n\t\t\t\t<\/div>\n\t\t\t\t<div class=\"elementor-element elementor-element-0aecd9f elementor-widget elementor-widget-text-editor\" data-id=\"0aecd9f\" data-element_type=\"widget\" data-widget_type=\"text-editor.default\">\n\t\t\t\t<div class=\"elementor-widget-container\">\n\t\t\t\t\t\t\t\t\t<p class=\"translation-block\"><strong data-start=\"\u201c406\u201d\" data-end=\"\u201c426\u201d\">6 axis robots<\/strong> optimize automation and precision in manufacturing<\/p>\t\t\t\t\t\t\t\t<\/div>\n\t\t\t\t<\/div>\n\t\t\t\t<\/div>\n\t\t<div class=\"elementor-element elementor-element-b7abb3f e-con-full e-flex elementor-invisible e-con e-child\" data-id=\"b7abb3f\" data-element_type=\"container\" data-settings=\"{&quot;animation&quot;:&quot;bounceInRight&quot;,&quot;animation_mobile&quot;:&quot;bounceInLeft&quot;,&quot;animation_delay&quot;:0}\">\n\t\t\t\t<div class=\"elementor-element elementor-element-09cae6b elementor-widget elementor-widget-heading\" data-id=\"09cae6b\" data-element_type=\"widget\" data-widget_type=\"heading.default\">\n\t\t\t\t<div class=\"elementor-widget-container\">\n\t\t\t\t\t<h2 class=\"elementor-heading-title elementor-size-default\">4.\tOptical parts for illumination<\/h2>\t\t\t\t<\/div>\n\t\t\t\t<\/div>\n\t\t\t\t<div class=\"elementor-element elementor-element-ea5c4a8 elementor-widget elementor-widget-text-editor\" data-id=\"ea5c4a8\" data-element_type=\"widget\" data-widget_type=\"text-editor.default\">\n\t\t\t\t<div class=\"elementor-widget-container\">\n\t\t\t\t\t\t\t\t\t<p>Development and manufacturing of optical components for automotive lighting systems.<\/p>\t\t\t\t\t\t\t\t<\/div>\n\t\t\t\t<\/div>\n\t\t\t\t<\/div>\n\t\t\t\t<\/div>\n\t\t\t\t<\/div>\n\t\t\t\t<\/div>\n\t\t<div class=\"elementor-element elementor-element-9a21bdc e-con-full e-flex e-con e-parent\" data-id=\"9a21bdc\" data-element_type=\"container\" data-settings=\"{&quot;background_background&quot;:&quot;classic&quot;}\">\n\t\t<div class=\"elementor-element elementor-element-355cf0d e-con-full e-flex elementor-invisible e-con e-child\" data-id=\"355cf0d\" data-element_type=\"container\" data-settings=\"{&quot;animation&quot;:&quot;bounceInLeft&quot;}\">\n\t\t<div class=\"elementor-element elementor-element-105b0ea e-con-full e-flex e-con e-child\" data-id=\"105b0ea\" data-element_type=\"container\">\n\t\t\t\t<div class=\"elementor-element elementor-element-9edf040 elementor-widget elementor-widget-heading\" data-id=\"9edf040\" data-element_type=\"widget\" data-widget_type=\"heading.default\">\n\t\t\t\t<div class=\"elementor-widget-container\">\n\t\t\t\t\t<h1 class=\"elementor-heading-title elementor-size-default\">CONTACT<\/h1>\t\t\t\t<\/div>\n\t\t\t\t<\/div>\n\t\t\t\t<\/div>\n\t\t\t\t<\/div>\n\t\t<div class=\"elementor-element elementor-element-a6a90fc e-flex e-con-boxed elementor-invisible e-con e-child\" data-id=\"a6a90fc\" data-element_type=\"container\" data-settings=\"{&quot;background_background&quot;:&quot;classic&quot;,&quot;animation&quot;:&quot;bounceInRight&quot;}\">\n\t\t\t\t\t<div class=\"e-con-inner\">\n\t\t<div class=\"elementor-element elementor-element-4a7e43e e-con-full e-flex e-con e-child\" data-id=\"4a7e43e\" data-element_type=\"container\">\n\t\t\t\t<div class=\"elementor-element elementor-element-8c76ecd elementor-widget elementor-widget-html\" data-id=\"8c76ecd\" data-element_type=\"widget\" data-widget_type=\"html.default\">\n\t\t\t\t<div class=\"elementor-widget-container\">\n\t\t\t\t\t<style>\n        .contact-card {\n            background-color: #4e5658; \n            color: white; \n            padding: 20px;\n            width: 300px;\n            font-family: Arial, sans-serif;\n            border-radius: 8px;\n        }\n        .contact-card h2 {\n            margin: 0 0 10px 0;\n            font-weight: bold;\n        }\n        .contact-card p {\n            margin: 5px 0;\n            font-size: 20px;\n        }\n        .contact-card a {\n            color: white;\n            text-decoration: none;\n        }\n    <\/style>\n    \n    <div class=\"contact-card\">\n    <h2>Commercial<\/h2>\n    <p><a href=\"mailto:commercial@plnova.com\">commercial@plnova.com<\/a><\/p>\n<\/div>\t\t\t\t<\/div>\n\t\t\t\t<\/div>\n\t\t\t\t<\/div>\n\t\t\t\t\t<\/div>\n\t\t\t\t<\/div>\n\t\t\t\t<\/div>\n\t\t\t\t<\/div>","protected":false},"excerpt":{"rendered":"<p>Nuestra Tecnolog\u00eda: Precisi\u00f3n e Innovaci\u00f3n en Cada Proceso En PL NOVA, empleamos tecnolog\u00eda de \u00faltima generaci\u00f3n para la fabricaci\u00f3n y ensamblaje de componentes pl\u00e1sticos moldeados. Gracias a nuestra inversi\u00f3n constante en innovaci\u00f3n, optimizamos cada etapa de manufactura para cumplir con los m\u00e1s altos est\u00e1ndares de la industria automotriz, asegurando productos confiables y de alto rendimiento. [&hellip;]<\/p>","protected":false},"author":1,"featured_media":0,"parent":0,"menu_order":0,"comment_status":"closed","ping_status":"closed","template":"","meta":{"footnotes":""},"class_list":["post-15","page","type-page","status-publish","hentry"],"_links":{"self":[{"href":"https:\/\/plnova.com\/en\/wp-json\/wp\/v2\/pages\/15","targetHints":{"allow":["GET"]}}],"collection":[{"href":"https:\/\/plnova.com\/en\/wp-json\/wp\/v2\/pages"}],"about":[{"href":"https:\/\/plnova.com\/en\/wp-json\/wp\/v2\/types\/page"}],"author":[{"embeddable":true,"href":"https:\/\/plnova.com\/en\/wp-json\/wp\/v2\/users\/1"}],"replies":[{"embeddable":true,"href":"https:\/\/plnova.com\/en\/wp-json\/wp\/v2\/comments?post=15"}],"version-history":[{"count":98,"href":"https:\/\/plnova.com\/en\/wp-json\/wp\/v2\/pages\/15\/revisions"}],"predecessor-version":[{"id":810,"href":"https:\/\/plnova.com\/en\/wp-json\/wp\/v2\/pages\/15\/revisions\/810"}],"wp:attachment":[{"href":"https:\/\/plnova.com\/en\/wp-json\/wp\/v2\/media?parent=15"}],"curies":[{"name":"wp","href":"https:\/\/api.w.org\/{rel}","templated":true}]}}