{"id":13,"date":"2025-03-25T15:59:13","date_gmt":"2025-03-25T15:59:13","guid":{"rendered":"http:\/\/localhost\/pl-nova\/?page_id=13"},"modified":"2025-09-19T22:28:42","modified_gmt":"2025-09-19T22:28:42","slug":"productos","status":"publish","type":"page","link":"https:\/\/plnova.com\/en\/productos\/","title":{"rendered":"PRODUCTS"},"content":{"rendered":"<div data-elementor-type=\"wp-page\" data-elementor-id=\"13\" class=\"elementor elementor-13\">\n\t\t\t\t<div class=\"elementor-element elementor-element-380995d e-con-full e-flex e-con e-parent\" data-id=\"380995d\" data-element_type=\"container\">\n\t\t<div class=\"elementor-element elementor-element-6bbce10 e-con-full e-flex e-con e-child\" data-id=\"6bbce10\" data-element_type=\"container\">\n\t\t\t\t<div class=\"elementor-element elementor-element-376e23b elementor-invisible elementor-widget elementor-widget-heading\" data-id=\"376e23b\" data-element_type=\"widget\" data-settings=\"{&quot;_animation&quot;:&quot;fadeInUp&quot;}\" data-widget_type=\"heading.default\">\n\t\t\t\t<div class=\"elementor-widget-container\">\n\t\t\t\t\t<h1 class=\"elementor-heading-title elementor-size-default\">Our Products: Innovation and Precision<\/h1>\t\t\t\t<\/div>\n\t\t\t\t<\/div>\n\t\t\t\t<div class=\"elementor-element elementor-element-6cc2ee8 elementor-invisible elementor-widget elementor-widget-text-editor\" data-id=\"6cc2ee8\" data-element_type=\"widget\" data-settings=\"{&quot;_animation&quot;:&quot;fadeInUp&quot;}\" data-widget_type=\"text-editor.default\">\n\t\t\t\t<div class=\"elementor-widget-container\">\n\t\t\t\t\t\t\t\t\t<p class=\"translation-block\">At <strong data-start=\"57\" data-end=\"68\">PL NOVA<\/strong>, we develop advanced plastic solutions for the automotive industry, combining cutting-edge technology with high-precision manufacturing processes. Each part reflects our commitment to innovation and excellence, ensuring reliable and high-performance solutions.<\/p>\t\t\t\t\t\t\t\t<\/div>\n\t\t\t\t<\/div>\n\t\t<div class=\"elementor-element elementor-element-13b987c e-grid e-con-full e-con e-child\" data-id=\"13b987c\" data-element_type=\"container\">\n\t\t<div class=\"elementor-element elementor-element-30ecf86 e-con-full e-flex elementor-invisible e-con e-child\" data-id=\"30ecf86\" data-element_type=\"container\" data-settings=\"{&quot;animation&quot;:&quot;bounceInRight&quot;,&quot;animation_mobile&quot;:&quot;bounceInRight&quot;}\">\n\t\t\t\t<div class=\"elementor-element elementor-element-bc82e7d elementor-widget elementor-widget-heading\" data-id=\"bc82e7d\" data-element_type=\"widget\" data-widget_type=\"heading.default\">\n\t\t\t\t<div class=\"elementor-widget-container\">\n\t\t\t\t\t<h3 class=\"elementor-heading-title elementor-size-default\">Light Guide<\/h3>\t\t\t\t<\/div>\n\t\t\t\t<\/div>\n\t\t\t\t<div class=\"elementor-element elementor-element-47166c0 elementor-widget elementor-widget-text-editor\" data-id=\"47166c0\" data-element_type=\"widget\" data-widget_type=\"text-editor.default\">\n\t\t\t\t<div class=\"elementor-widget-container\">\n\t\t\t\t\t\t\t\t\t<p>Pieza de iluminaci\u00f3n en 1k con insertos \u00f3pticos por los cuales la luz atraviesa de manera axial generando una iluminaci\u00f3n a lo largo de la pieza.<\/p>\t\t\t\t\t\t\t\t<\/div>\n\t\t\t\t<\/div>\n\t\t\t\t<\/div>\n\t\t<div class=\"elementor-element elementor-element-6aeb7a5 e-con-full e-flex elementor-invisible e-con e-child\" data-id=\"6aeb7a5\" data-element_type=\"container\" data-settings=\"{&quot;animation&quot;:&quot;bounceInRight&quot;,&quot;animation_mobile&quot;:&quot;bounceInRight&quot;,&quot;animation_delay&quot;:0}\">\n\t\t\t\t<div class=\"elementor-element elementor-element-f1607df elementor-widget elementor-widget-heading\" data-id=\"f1607df\" data-element_type=\"widget\" data-widget_type=\"heading.default\">\n\t\t\t\t<div class=\"elementor-widget-container\">\n\t\t\t\t\t<h3 class=\"elementor-heading-title elementor-size-default\">Light Conductor<\/h3>\t\t\t\t<\/div>\n\t\t\t\t<\/div>\n\t\t\t\t<div class=\"elementor-element elementor-element-b6a40ab elementor-widget elementor-widget-text-editor\" data-id=\"b6a40ab\" data-element_type=\"widget\" data-widget_type=\"text-editor.default\">\n\t\t\t\t<div class=\"elementor-widget-container\">\n\t\t\t\t\t\t\t\t\t<p>1k lighting injection part with translucent materials using pcbs for light emission.<\/p>\t\t\t\t\t\t\t\t<\/div>\n\t\t\t\t<\/div>\n\t\t\t\t<\/div>\n\t\t<div class=\"elementor-element elementor-element-859926e e-con-full e-flex elementor-invisible e-con e-child\" data-id=\"859926e\" data-element_type=\"container\" data-settings=\"{&quot;animation&quot;:&quot;bounceInLeft&quot;,&quot;animation_mobile&quot;:&quot;bounceInRight&quot;,&quot;animation_delay&quot;:0}\">\n\t\t\t\t<div class=\"elementor-element elementor-element-246dc7a elementor-widget elementor-widget-heading\" data-id=\"246dc7a\" data-element_type=\"widget\" data-widget_type=\"heading.default\">\n\t\t\t\t<div class=\"elementor-widget-container\">\n\t\t\t\t\t<h3 class=\"elementor-heading-title elementor-size-default\">Aspect Part<\/h3>\t\t\t\t<\/div>\n\t\t\t\t<\/div>\n\t\t\t\t<div class=\"elementor-element elementor-element-3a90456 elementor-widget elementor-widget-text-editor\" data-id=\"3a90456\" data-element_type=\"widget\" data-widget_type=\"text-editor.default\">\n\t\t\t\t<div class=\"elementor-widget-container\">\n\t\t\t\t\t\t\t\t\t<p class=\"translation-block\"><strong>Application:<\/strong> Automotive headlights, interior and exterior taillight applications.<\/p>\t\t\t\t\t\t\t\t<\/div>\n\t\t\t\t<\/div>\n\t\t\t\t<\/div>\n\t\t<div class=\"elementor-element elementor-element-a1c0157 e-con-full e-flex elementor-invisible e-con e-child\" data-id=\"a1c0157\" data-element_type=\"container\" data-settings=\"{&quot;animation&quot;:&quot;bounceInLeft&quot;,&quot;animation_mobile&quot;:&quot;bounceInRight&quot;,&quot;animation_delay&quot;:0}\">\n\t\t\t\t<div class=\"elementor-element elementor-element-eb27fb9 elementor-widget elementor-widget-heading\" data-id=\"eb27fb9\" data-element_type=\"widget\" data-widget_type=\"heading.default\">\n\t\t\t\t<div class=\"elementor-widget-container\">\n\t\t\t\t\t<h3 class=\"elementor-heading-title elementor-size-default\">Structural part<\/h3>\t\t\t\t<\/div>\n\t\t\t\t<\/div>\n\t\t\t\t<div class=\"elementor-element elementor-element-987347a elementor-widget elementor-widget-text-editor\" data-id=\"987347a\" data-element_type=\"widget\" data-widget_type=\"text-editor.default\">\n\t\t\t\t<div class=\"elementor-widget-container\">\n\t\t\t\t\t\t\t\t\t<p>Structural or appearance injection part with specific functional or cosmetic requirements.<\/p>\t\t\t\t\t\t\t\t<\/div>\n\t\t\t\t<\/div>\n\t\t\t\t<\/div>\n\t\t\t\t<\/div>\n\t\t\t\t<\/div>\n\t\t<div class=\"elementor-element elementor-element-19997aa e-con-full e-flex e-con e-child\" data-id=\"19997aa\" data-element_type=\"container\" data-settings=\"{&quot;animation_mobile&quot;:&quot;none&quot;}\">\n\t\t\t\t<div class=\"elementor-element elementor-element-fd6747d elementor-invisible elementor-widget elementor-widget-image\" data-id=\"fd6747d\" data-element_type=\"widget\" data-settings=\"{&quot;_animation&quot;:&quot;bounceInDown&quot;,&quot;_animation_mobile&quot;:&quot;bounceInRight&quot;,&quot;_animation_delay&quot;:0}\" data-widget_type=\"image.default\">\n\t\t\t\t<div class=\"elementor-widget-container\">\n\t\t\t\t\t\t\t\t\t\t\t\t\t\t\t<img fetchpriority=\"high\" decoding=\"async\" width=\"800\" height=\"368\" src=\"https:\/\/plnova.com\/wp-content\/uploads\/2025\/03\/productos_innovacion-precision-1024x471.webp\" class=\"attachment-large size-large wp-image-618\" alt=\"\" srcset=\"https:\/\/plnova.com\/wp-content\/uploads\/2025\/03\/productos_innovacion-precision-1024x471.webp 1024w, https:\/\/plnova.com\/wp-content\/uploads\/2025\/03\/productos_innovacion-precision-300x138.webp 300w, https:\/\/plnova.com\/wp-content\/uploads\/2025\/03\/productos_innovacion-precision-768x353.webp 768w, https:\/\/plnova.com\/wp-content\/uploads\/2025\/03\/productos_innovacion-precision-1536x706.webp 1536w, https:\/\/plnova.com\/wp-content\/uploads\/2025\/03\/productos_innovacion-precision-2048x941.webp 2048w, https:\/\/plnova.com\/wp-content\/uploads\/2025\/03\/productos_innovacion-precision-18x8.webp 18w\" sizes=\"(max-width: 800px) 100vw, 800px\" \/>\t\t\t\t\t\t\t\t\t\t\t\t\t\t\t<\/div>\n\t\t\t\t<\/div>\n\t\t\t\t<\/div>\n\t\t\t\t<\/div>\n\t\t<div class=\"elementor-element elementor-element-cceb392 e-con-full e-flex e-con e-parent\" data-id=\"cceb392\" data-element_type=\"container\" data-settings=\"{&quot;background_background&quot;:&quot;classic&quot;}\">\n\t\t<div class=\"elementor-element elementor-element-c2f64fa e-con-full e-flex elementor-invisible e-con e-child\" data-id=\"c2f64fa\" data-element_type=\"container\" data-settings=\"{&quot;background_background&quot;:&quot;classic&quot;,&quot;animation&quot;:&quot;bounceInLeft&quot;}\">\n\t\t<div class=\"elementor-element elementor-element-d2fb81a e-con-full e-flex e-con e-child\" data-id=\"d2fb81a\" data-element_type=\"container\">\n\t\t\t\t<div class=\"elementor-element elementor-element-4b7effa elementor-widget elementor-widget-heading\" data-id=\"4b7effa\" data-element_type=\"widget\" data-widget_type=\"heading.default\">\n\t\t\t\t<div class=\"elementor-widget-container\">\n\t\t\t\t\t<h1 class=\"elementor-heading-title elementor-size-default\">CONTACT<\/h1>\t\t\t\t<\/div>\n\t\t\t\t<\/div>\n\t\t\t\t<\/div>\n\t\t\t\t<\/div>\n\t\t<div class=\"elementor-element elementor-element-e3658de e-flex e-con-boxed elementor-invisible e-con e-child\" data-id=\"e3658de\" data-element_type=\"container\" data-settings=\"{&quot;background_background&quot;:&quot;classic&quot;,&quot;animation&quot;:&quot;bounceInRight&quot;}\">\n\t\t\t\t\t<div class=\"e-con-inner\">\n\t\t<div class=\"elementor-element elementor-element-3f39e64 e-con-full e-flex e-con e-child\" data-id=\"3f39e64\" data-element_type=\"container\">\n\t\t\t\t<div class=\"elementor-element elementor-element-72cc080 elementor-widget elementor-widget-html\" data-id=\"72cc080\" data-element_type=\"widget\" data-widget_type=\"html.default\">\n\t\t\t\t<div class=\"elementor-widget-container\">\n\t\t\t\t\t<style>\n        .contact-card {\n            background-color: #4e5658; \n            color: white; \n            padding: 20px;\n            width: 300px;\n            font-family: Arial, sans-serif;\n            border-radius: 8px;\n        }\n        .contact-card h2 {\n            margin: 0 0 10px 0;\n            font-weight: bold;\n        }\n        .contact-card p {\n            margin: 5px 0;\n            font-size: 20px;\n        }\n        .contact-card a {\n            color: white;\n            text-decoration: none;\n        }\n    <\/style>\n    \n    <div class=\"contact-card\">\n    <h2>Commercial<\/h2>\n    <p><a href=\"mailto:commercial@plnova.com\">commercial@plnova.com<\/a><\/p>\n<\/div>\t\t\t\t<\/div>\n\t\t\t\t<\/div>\n\t\t\t\t<\/div>\n\t\t\t\t\t<\/div>\n\t\t\t\t<\/div>\n\t\t\t\t<\/div>\n\t\t\t\t<\/div>","protected":false},"excerpt":{"rendered":"<p>Nuestros Productos: Innovaci\u00f3n y Precisi\u00f3n En PL NOVA, desarrollamos soluciones pl\u00e1sticas avanzadas para la industria automotriz, combinando tecnolog\u00eda de vanguardia con procesos de manufactura de alta precisi\u00f3n. Cada pieza refleja nuestro compromiso con la innovaci\u00f3n y la excelencia, garantizando soluciones confiables y de alto desempe\u00f1o. Light Guide Pieza de iluminaci\u00f3n en 1k con insertos \u00f3pticos [&hellip;]<\/p>","protected":false},"author":1,"featured_media":0,"parent":0,"menu_order":0,"comment_status":"closed","ping_status":"closed","template":"","meta":{"footnotes":""},"class_list":["post-13","page","type-page","status-publish","hentry"],"_links":{"self":[{"href":"https:\/\/plnova.com\/en\/wp-json\/wp\/v2\/pages\/13","targetHints":{"allow":["GET"]}}],"collection":[{"href":"https:\/\/plnova.com\/en\/wp-json\/wp\/v2\/pages"}],"about":[{"href":"https:\/\/plnova.com\/en\/wp-json\/wp\/v2\/types\/page"}],"author":[{"embeddable":true,"href":"https:\/\/plnova.com\/en\/wp-json\/wp\/v2\/users\/1"}],"replies":[{"embeddable":true,"href":"https:\/\/plnova.com\/en\/wp-json\/wp\/v2\/comments?post=13"}],"version-history":[{"count":152,"href":"https:\/\/plnova.com\/en\/wp-json\/wp\/v2\/pages\/13\/revisions"}],"predecessor-version":[{"id":807,"href":"https:\/\/plnova.com\/en\/wp-json\/wp\/v2\/pages\/13\/revisions\/807"}],"wp:attachment":[{"href":"https:\/\/plnova.com\/en\/wp-json\/wp\/v2\/media?parent=13"}],"curies":[{"name":"wp","href":"https:\/\/api.w.org\/{rel}","templated":true}]}}