{"id":11,"date":"2025-03-25T15:58:45","date_gmt":"2025-03-25T15:58:45","guid":{"rendered":"http:\/\/localhost\/pl-nova\/?page_id=11"},"modified":"2025-10-24T20:31:19","modified_gmt":"2025-10-24T20:31:19","slug":"nosotros","status":"publish","type":"page","link":"https:\/\/plnova.com\/en\/nosotros\/","title":{"rendered":"ABOUT US"},"content":{"rendered":"<div data-elementor-type=\"wp-page\" data-elementor-id=\"11\" class=\"elementor elementor-11\">\n\t\t\t\t<div class=\"elementor-element elementor-element-efc468d e-con-full e-flex e-con e-parent\" data-id=\"efc468d\" data-element_type=\"container\">\n\t\t<div class=\"elementor-element elementor-element-581c348 e-con-full e-flex elementor-invisible e-con e-child\" data-id=\"581c348\" data-element_type=\"container\" data-settings=\"{&quot;animation&quot;:&quot;bounceInLeft&quot;}\">\n\t\t\t\t<div class=\"elementor-element elementor-element-ba92994 elementor-widget__width-initial elementor-widget elementor-widget-heading\" data-id=\"ba92994\" data-element_type=\"widget\" data-settings=\"{&quot;_animation&quot;:&quot;none&quot;}\" data-widget_type=\"heading.default\">\n\t\t\t\t<div class=\"elementor-widget-container\">\n\t\t\t\t\t<h1 class=\"elementor-heading-title elementor-size-default\">Who are we?<\/h1>\t\t\t\t<\/div>\n\t\t\t\t<\/div>\n\t\t\t\t<div class=\"elementor-element elementor-element-959a176 elementor-widget elementor-widget-text-editor\" data-id=\"959a176\" data-element_type=\"widget\" data-settings=\"{&quot;_animation&quot;:&quot;none&quot;}\" data-widget_type=\"text-editor.default\">\n\t\t\t\t<div class=\"elementor-widget-container\">\n\t\t\t\t\t\t\t\t\t<p class=\"translation-block\">At <strong data-start=\"3\" data-end=\"14\">PL NOVA<\/strong>, we are dedicated to the manufacturing of <strong>injected plastic parts<\/strong> and the assembly of components for the <strong>automotive industry<\/strong>, combining <strong>innovation<\/strong> and experience to develop <strong>high-performance<\/strong> products. We apply cutting-edge technology and follow strict quality controls to ensure precise, durable solutions tailored to the sector's needs. Our focus on <strong>efficiency<\/strong> and <strong>continuous improvement<\/strong> allows us to optimize processes, reduce costs, and offer parts that meet the highest standards of functionality and design.<\/p>\t\t\t\t\t\t\t\t<\/div>\n\t\t\t\t<\/div>\n\t\t\t\t<\/div>\n\t\t<div class=\"elementor-element elementor-element-ddca3f3 e-con-full e-flex elementor-invisible e-con e-child\" data-id=\"ddca3f3\" data-element_type=\"container\" data-settings=\"{&quot;animation&quot;:&quot;bounceInLeft&quot;}\">\n\t\t\t\t<div class=\"elementor-element elementor-element-fa665ff elementor-widget elementor-widget-image\" data-id=\"fa665ff\" data-element_type=\"widget\" data-settings=\"{&quot;_animation&quot;:&quot;none&quot;}\" data-widget_type=\"image.default\">\n\t\t\t\t<div class=\"elementor-widget-container\">\n\t\t\t\t\t\t\t\t\t\t\t\t\t\t\t<img fetchpriority=\"high\" decoding=\"async\" width=\"612\" height=\"408\" src=\"https:\/\/plnova.com\/wp-content\/uploads\/2025\/03\/quienes-somos.png\" class=\"attachment-large size-large wp-image-261\" alt=\"\" \/>\t\t\t\t\t\t\t\t\t\t\t\t\t\t\t<\/div>\n\t\t\t\t<\/div>\n\t\t\t\t<\/div>\n\t\t\t\t<\/div>\n\t\t<div class=\"elementor-element elementor-element-e76fd99 e-con-full e-flex e-con e-parent\" data-id=\"e76fd99\" data-element_type=\"container\">\n\t\t<div class=\"elementor-element elementor-element-6f4fe43 e-con-full e-flex elementor-invisible e-con e-child\" data-id=\"6f4fe43\" data-element_type=\"container\" data-settings=\"{&quot;animation&quot;:&quot;bounceInRight&quot;}\">\n\t\t\t\t<div class=\"elementor-element elementor-element-bc55b20 elementor-widget elementor-widget-heading\" data-id=\"bc55b20\" data-element_type=\"widget\" data-settings=\"{&quot;_animation&quot;:&quot;none&quot;}\" data-widget_type=\"heading.default\">\n\t\t\t\t<div class=\"elementor-widget-container\">\n\t\t\t\t\t<h2 class=\"elementor-heading-title elementor-size-default\">Mission<\/h2>\t\t\t\t<\/div>\n\t\t\t\t<\/div>\n\t\t\t\t<div class=\"elementor-element elementor-element-95ac6ee elementor-widget elementor-widget-text-editor\" data-id=\"95ac6ee\" data-element_type=\"widget\" data-settings=\"{&quot;_animation&quot;:&quot;none&quot;}\" data-widget_type=\"text-editor.default\">\n\t\t\t\t<div class=\"elementor-widget-container\">\n\t\t\t\t\t\t\t\t\t<p class=\"translation-block\">PL NOVA's mission is the <strong>production of injected plastic parts<\/strong> and component assembly for the automotive sector, <strong>meeting customer requirements<\/strong> by employing the <strong>highest industry standards<\/strong>.<\/p>\t\t\t\t\t\t\t\t<\/div>\n\t\t\t\t<\/div>\n\t\t\t\t<\/div>\n\t\t<div class=\"elementor-element elementor-element-6946a9f e-con-full e-flex elementor-invisible e-con e-child\" data-id=\"6946a9f\" data-element_type=\"container\" data-settings=\"{&quot;animation&quot;:&quot;bounceInRight&quot;}\">\n\t\t\t\t<div class=\"elementor-element elementor-element-d5feec4 elementor-widget elementor-widget-heading\" data-id=\"d5feec4\" data-element_type=\"widget\" data-settings=\"{&quot;_animation&quot;:&quot;none&quot;}\" data-widget_type=\"heading.default\">\n\t\t\t\t<div class=\"elementor-widget-container\">\n\t\t\t\t\t<h2 class=\"elementor-heading-title elementor-size-default\">Vision<\/h2>\t\t\t\t<\/div>\n\t\t\t\t<\/div>\n\t\t\t\t<div class=\"elementor-element elementor-element-9ddb433 elementor-widget elementor-widget-text-editor\" data-id=\"9ddb433\" data-element_type=\"widget\" data-settings=\"{&quot;_animation&quot;:&quot;none&quot;}\" data-widget_type=\"text-editor.default\">\n\t\t\t\t<div class=\"elementor-widget-container\">\n\t\t\t\t\t\t\t\t\t<p class=\"translation-block\">To be <strong>top-tier suppliers<\/strong>, offering products and services that include product design, as well as the ability to mass-produce and <strong>serve our customers<\/strong> in different geographical areas on a <strong>global scale<\/strong>.<\/p>\t\t\t\t\t\t\t\t<\/div>\n\t\t\t\t<\/div>\n\t\t\t\t<\/div>\n\t\t\t\t<\/div>\n\t\t<div class=\"elementor-element elementor-element-8e85f98 e-con-full e-flex e-con e-parent\" data-id=\"8e85f98\" data-element_type=\"container\">\n\t\t<div class=\"elementor-element elementor-element-b384b40 e-con-full e-flex elementor-invisible e-con e-child\" data-id=\"b384b40\" data-element_type=\"container\" data-settings=\"{&quot;animation&quot;:&quot;bounceInLeft&quot;}\">\n\t\t\t\t<div class=\"elementor-element elementor-element-c6f5711 elementor-widget elementor-widget-image\" data-id=\"c6f5711\" data-element_type=\"widget\" data-settings=\"{&quot;_animation&quot;:&quot;none&quot;}\" data-widget_type=\"image.default\">\n\t\t\t\t<div class=\"elementor-widget-container\">\n\t\t\t\t\t\t\t\t\t\t\t\t\t\t\t<img decoding=\"async\" width=\"800\" height=\"800\" src=\"https:\/\/plnova.com\/wp-content\/uploads\/2025\/10\/Politica-Ambiental\u200b-1024x1024.jpg\" class=\"attachment-large size-large wp-image-819\" alt=\"\" srcset=\"https:\/\/plnova.com\/wp-content\/uploads\/2025\/10\/Politica-Ambiental\u200b-1024x1024.jpg 1024w, https:\/\/plnova.com\/wp-content\/uploads\/2025\/10\/Politica-Ambiental\u200b-300x300.jpg 300w, https:\/\/plnova.com\/wp-content\/uploads\/2025\/10\/Politica-Ambiental\u200b-150x150.jpg 150w, https:\/\/plnova.com\/wp-content\/uploads\/2025\/10\/Politica-Ambiental\u200b-768x768.jpg 768w, https:\/\/plnova.com\/wp-content\/uploads\/2025\/10\/Politica-Ambiental\u200b-1536x1536.jpg 1536w, https:\/\/plnova.com\/wp-content\/uploads\/2025\/10\/Politica-Ambiental\u200b-12x12.jpg 12w, https:\/\/plnova.com\/wp-content\/uploads\/2025\/10\/Politica-Ambiental\u200b.jpg 2000w\" sizes=\"(max-width: 800px) 100vw, 800px\" \/>\t\t\t\t\t\t\t\t\t\t\t\t\t\t\t<\/div>\n\t\t\t\t<\/div>\n\t\t\t\t<\/div>\n\t\t<div class=\"elementor-element elementor-element-58c4239 e-con-full e-flex elementor-invisible e-con e-child\" data-id=\"58c4239\" data-element_type=\"container\" data-settings=\"{&quot;animation&quot;:&quot;bounceInLeft&quot;}\">\n\t\t\t\t<div class=\"elementor-element elementor-element-4d7aeb3 elementor-widget__width-initial elementor-widget elementor-widget-heading\" data-id=\"4d7aeb3\" data-element_type=\"widget\" data-settings=\"{&quot;_animation&quot;:&quot;none&quot;}\" data-widget_type=\"heading.default\">\n\t\t\t\t<div class=\"elementor-widget-container\">\n\t\t\t\t\t<h1 class=\"elementor-heading-title elementor-size-default\">Pol\u00edtica Ambiental<\/h1>\t\t\t\t<\/div>\n\t\t\t\t<\/div>\n\t\t\t\t<div class=\"elementor-element elementor-element-f9f3c1d elementor-widget elementor-widget-text-editor\" data-id=\"f9f3c1d\" data-element_type=\"widget\" data-settings=\"{&quot;_animation&quot;:&quot;none&quot;}\" data-widget_type=\"text-editor.default\">\n\t\t\t\t<div class=\"elementor-widget-container\">\n\t\t\t\t\t\t\t\t\t<p style=\"text-align: justify;\"><em>En<strong> PLHANOVA S.A. de C.V.<\/strong> estamos comprometidos con la protecci\u00f3n del medio ambiente, la prevenci\u00f3n de la contaminaci\u00f3n, <\/em><em>la mitigaci\u00f3n y adaptaci\u00f3n al cambio clim\u00e1tico, as\u00ed como el <strong>cumplimiento de la legislaci\u00f3n y normatividad ambiental aplicable<\/strong>.<\/em><\/p><p style=\"text-align: justify;\"><em>Promovemos la <strong>eficiencia energ\u00e9tica e h\u00eddrica<\/strong>, la <strong>gesti\u00f3n responsable de residuos<\/strong> y una cultura ambiental participativa, <\/em><em>para <strong>reducir la huella ambiental<\/strong> de nuestros procesos de fabricaci\u00f3n de autopartes pl\u00e1sticas y de iluminaci\u00f3n.<\/em><\/p>\t\t\t\t\t\t\t\t<\/div>\n\t\t\t\t<\/div>\n\t\t\t\t<\/div>\n\t\t\t\t<\/div>\n\t\t<div class=\"elementor-element elementor-element-f95ae9a e-con-full e-flex e-con e-parent\" data-id=\"f95ae9a\" data-element_type=\"container\" data-settings=\"{&quot;background_background&quot;:&quot;classic&quot;}\">\n\t\t<div class=\"elementor-element elementor-element-7db6b06 e-con-full e-flex elementor-invisible e-con e-child\" data-id=\"7db6b06\" data-element_type=\"container\" data-settings=\"{&quot;background_background&quot;:&quot;classic&quot;,&quot;animation&quot;:&quot;bounceInLeft&quot;}\">\n\t\t<div class=\"elementor-element elementor-element-fcb0442 e-con-full e-flex e-con e-child\" data-id=\"fcb0442\" data-element_type=\"container\">\n\t\t\t\t<div class=\"elementor-element elementor-element-dfb8b91 elementor-widget elementor-widget-heading\" data-id=\"dfb8b91\" data-element_type=\"widget\" data-widget_type=\"heading.default\">\n\t\t\t\t<div class=\"elementor-widget-container\">\n\t\t\t\t\t<h1 class=\"elementor-heading-title elementor-size-default\">CONTACT<\/h1>\t\t\t\t<\/div>\n\t\t\t\t<\/div>\n\t\t\t\t<\/div>\n\t\t\t\t<\/div>\n\t\t<div class=\"elementor-element elementor-element-9ac1858 e-flex e-con-boxed elementor-invisible e-con e-child\" data-id=\"9ac1858\" data-element_type=\"container\" data-settings=\"{&quot;background_background&quot;:&quot;classic&quot;,&quot;animation&quot;:&quot;bounceInRight&quot;}\">\n\t\t\t\t\t<div class=\"e-con-inner\">\n\t\t<div class=\"elementor-element elementor-element-28519bd e-con-full e-flex e-con e-child\" data-id=\"28519bd\" data-element_type=\"container\">\n\t\t\t\t<div class=\"elementor-element elementor-element-203608f elementor-widget elementor-widget-html\" data-id=\"203608f\" data-element_type=\"widget\" data-widget_type=\"html.default\">\n\t\t\t\t<div class=\"elementor-widget-container\">\n\t\t\t\t\t<style>\n        .contact-card {\n            background-color: #4e5658; \n            color: white; \n            padding: 20px;\n            width: 300px;\n            font-family: Arial, sans-serif;\n            border-radius: 8px;\n        }\n        .contact-card h2 {\n            margin: 0 0 10px 0;\n            font-weight: bold;\n        }\n        .contact-card p {\n            margin: 5px 0;\n            font-size: 20px;\n        }\n        .contact-card a {\n            color: white;\n            text-decoration: none;\n        }\n    <\/style>\n    \n    <div class=\"contact-card\">\n    <h2>Commercial<\/h2>\n    <p><a href=\"mailto:commercial@plnova.com\">commercial@plnova.com<\/a><\/p>\n<\/div>\t\t\t\t<\/div>\n\t\t\t\t<\/div>\n\t\t\t\t<\/div>\n\t\t\t\t\t<\/div>\n\t\t\t\t<\/div>\n\t\t\t\t<\/div>\n\t\t<div class=\"elementor-element elementor-element-3e48d96 e-flex e-con-boxed e-con e-parent\" data-id=\"3e48d96\" data-element_type=\"container\">\n\t\t\t\t\t<div class=\"e-con-inner\">\n\t\t\t\t<div class=\"elementor-element elementor-element-d44f64f elementor-invisible elementor-widget elementor-widget-heading\" data-id=\"d44f64f\" data-element_type=\"widget\" data-settings=\"{&quot;_animation&quot;:&quot;bounceInLeft&quot;}\" data-widget_type=\"heading.default\">\n\t\t\t\t<div class=\"elementor-widget-container\">\n\t\t\t\t\t<h2 class=\"elementor-heading-title elementor-size-default\">VIS\u00cdTENOS<\/h2>\t\t\t\t<\/div>\n\t\t\t\t<\/div>\n\t\t\t\t<div class=\"elementor-element elementor-element-e2ce9ad elementor-invisible elementor-widget elementor-widget-html\" data-id=\"e2ce9ad\" data-element_type=\"widget\" data-settings=\"{&quot;_animation&quot;:&quot;bounceInUp&quot;}\" data-widget_type=\"html.default\">\n\t\t\t\t<div class=\"elementor-widget-container\">\n\t\t\t\t\t<iframe src=\"https:\/\/www.google.com\/maps\/embed?pb=!1m18!1m12!1m3!1d3722.310134160754!2d-101.7641728!3d21.1001983!2m3!1f0!2f0!3f0!3m2!1i1024!2i768!4f13.1!3m3!1m2!1s0x842bc1005ffeabdf%3A0xc0a996dbaf55413a!2sPL%20Nova!5e0!3m2!1ses!2smx!4v1743702439369!5m2!1ses!2smx\" width=\"600\" height=\"450\" style=\"border:0;\" allowfullscreen=\"\" loading=\"lazy\" referrerpolicy=\"no-referrer-when-downgrade\"><\/iframe>\t\t\t\t<\/div>\n\t\t\t\t<\/div>\n\t\t\t\t\t<\/div>\n\t\t\t\t<\/div>\n\t\t\t\t<\/div>","protected":false},"excerpt":{"rendered":"<p>\u00bfQui\u00e9nes Somos? En PL NOVA, nos dedicamos a la fabricaci\u00f3n de piezas pl\u00e1sticas inyectadas y al ensamblaje de componentes para la industria automotriz, combinando innovaci\u00f3n y experiencia para desarrollar productos de alto rendimiento. Aplicamos tecnolog\u00eda de \u00faltima generaci\u00f3n y seguimos estrictos controles de calidad para garantizar soluciones precisas, duraderas y adaptadas a las necesidades del [&hellip;]<\/p>","protected":false},"author":1,"featured_media":0,"parent":0,"menu_order":0,"comment_status":"closed","ping_status":"closed","template":"","meta":{"footnotes":""},"class_list":["post-11","page","type-page","status-publish","hentry"],"_links":{"self":[{"href":"https:\/\/plnova.com\/en\/wp-json\/wp\/v2\/pages\/11","targetHints":{"allow":["GET"]}}],"collection":[{"href":"https:\/\/plnova.com\/en\/wp-json\/wp\/v2\/pages"}],"about":[{"href":"https:\/\/plnova.com\/en\/wp-json\/wp\/v2\/types\/page"}],"author":[{"embeddable":true,"href":"https:\/\/plnova.com\/en\/wp-json\/wp\/v2\/users\/1"}],"replies":[{"embeddable":true,"href":"https:\/\/plnova.com\/en\/wp-json\/wp\/v2\/comments?post=11"}],"version-history":[{"count":137,"href":"https:\/\/plnova.com\/en\/wp-json\/wp\/v2\/pages\/11\/revisions"}],"predecessor-version":[{"id":829,"href":"https:\/\/plnova.com\/en\/wp-json\/wp\/v2\/pages\/11\/revisions\/829"}],"wp:attachment":[{"href":"https:\/\/plnova.com\/en\/wp-json\/wp\/v2\/media?parent=11"}],"curies":[{"name":"wp","href":"https:\/\/api.w.org\/{rel}","templated":true}]}}